{"id":43,"date":"2024-02-20T18:11:21","date_gmt":"2024-02-20T17:11:21","guid":{"rendered":"https:\/\/filarmonicascortichino.it\/index.php\/about-us\/"},"modified":"2024-05-29T23:15:14","modified_gmt":"2024-05-29T21:15:14","slug":"storia","status":"publish","type":"page","link":"https:\/\/filarmonicascortichino.it\/index.php\/storia\/","title":{"rendered":"Storia"},"content":{"rendered":"\t\t<div data-elementor-type=\"wp-page\" data-elementor-id=\"43\" class=\"elementor elementor-43\">\n\t\t\t\t<div class=\"elementor-element elementor-element-7fa2dc55 e-con-full e-flex e-con e-parent\" data-id=\"7fa2dc55\" data-element_type=\"container\">\n\t\t<div class=\"elementor-element elementor-element-11b0f0ce e-con-full e-flex e-con e-child\" data-id=\"11b0f0ce\" data-element_type=\"container\">\n\t\t<div class=\"elementor-element elementor-element-425aece2 e-con-full e-flex e-con e-child\" data-id=\"425aece2\" data-element_type=\"container\">\n\t\t\t\t<div class=\"elementor-element elementor-element-2fe4dab2 elementor-widget elementor-widget-heading\" data-id=\"2fe4dab2\" data-element_type=\"widget\" data-widget_type=\"heading.default\">\n\t\t\t\t<div class=\"elementor-widget-container\">\n\t\t\t<style>\/*! elementor - v3.21.0 - 25-04-2024 *\/\n.elementor-heading-title{padding:0;margin:0;line-height:1}.elementor-widget-heading .elementor-heading-title[class*=elementor-size-]>a{color:inherit;font-size:inherit;line-height:inherit}.elementor-widget-heading .elementor-heading-title.elementor-size-small{font-size:15px}.elementor-widget-heading .elementor-heading-title.elementor-size-medium{font-size:19px}.elementor-widget-heading .elementor-heading-title.elementor-size-large{font-size:29px}.elementor-widget-heading .elementor-heading-title.elementor-size-xl{font-size:39px}.elementor-widget-heading .elementor-heading-title.elementor-size-xxl{font-size:59px}<\/style><h1 class=\"elementor-heading-title elementor-size-default\">La Societ\u00e0 Filarmonica \u201cG.Verdi\u201d di Scortichino nasce nel 1881 per iniziativa di Luigi Garani, che ne fu il primo maestro direttore fino al 1912.\n<\/h1>\t\t<\/div>\n\t\t\t\t<\/div>\n\t\t\t\t<div class=\"elementor-element elementor-element-365af02e elementor-widget__width-initial elementor-invisible elementor-widget elementor-widget-text-editor\" data-id=\"365af02e\" data-element_type=\"widget\" data-settings=\"{&quot;_animation&quot;:&quot;fadeInDown&quot;}\" data-widget_type=\"text-editor.default\">\n\t\t\t\t<div class=\"elementor-widget-container\">\n\t\t\t<style>\/*! elementor - v3.21.0 - 25-04-2024 *\/\n.elementor-widget-text-editor.elementor-drop-cap-view-stacked .elementor-drop-cap{background-color:#69727d;color:#fff}.elementor-widget-text-editor.elementor-drop-cap-view-framed .elementor-drop-cap{color:#69727d;border:3px solid;background-color:transparent}.elementor-widget-text-editor:not(.elementor-drop-cap-view-default) .elementor-drop-cap{margin-top:8px}.elementor-widget-text-editor:not(.elementor-drop-cap-view-default) .elementor-drop-cap-letter{width:1em;height:1em}.elementor-widget-text-editor .elementor-drop-cap{float:left;text-align:center;line-height:1;font-size:50px}.elementor-widget-text-editor .elementor-drop-cap-letter{display:inline-block}<\/style>\t\t\t\t<p align=\"LEFT\"><span style=\"color: #0000ff;\"><span style=\"font-family: Tahoma;\"><span style=\"font-size: medium;\"><span style=\"color: #b2b2b2;\">Per il paese la Filarmonica \u00e8 da sempre motivo di vanto e di prestigio ma anche di crescita culturale, poich\u00e9 con essa \u00e8 nata una scuola musicale alla quale accedono decine di giovani con lo scopo di apprendere la bellezza dell&#8217;arte musicale, di ringiovanire e rafforzare lo stesso corpo bandistico. I soci pi\u00f9 anziani ricordano che il gruppo musicale non solo partecipava alla vita del paese e delle localit\u00e0 limitrofe per motivi istituzionali, ma anche per rallegrare l&#8217;atmosfera in coincidenza delle festivit\u00e0.<\/span><\/span><\/span><\/span><\/p><p align=\"LEFT\"><span style=\"color: #0000ff;\"><span style=\"font-family: Tahoma;\"><span style=\"font-size: medium;\"><span style=\"color: #b2b2b2;\">Una delle caratteristiche che rese la Filarmonica \u201cG.Verdi\u201d diversa dalle altre bande fu senz&#8217;altro la presenza del cantante.<br \/>Chi volle inserire la voce solista fu il Presidente Luigi Caleffi.<br \/>Il primo cantante \u00e8 stato il tenore modenese Luciano Malagoli attivo fino al 1996. Successivamente il testimone \u00e8 stato raccolto dal tenore ferrarese Bruno Boarini in attivit\u00e0 fino al maggio 2006.<\/span><\/span><\/span><\/span><\/p>\t\t\t\t\t\t<\/div>\n\t\t\t\t<\/div>\n\t\t\t\t<\/div>\n\t\t\t\t<div class=\"elementor-element elementor-element-14da5193 elementor-invisible elementor-widget elementor-widget-heading\" data-id=\"14da5193\" data-element_type=\"widget\" data-settings=\"{&quot;_animation&quot;:&quot;fadeInUp&quot;}\" data-widget_type=\"heading.default\">\n\t\t\t\t<div class=\"elementor-widget-container\">\n\t\t\t<span class=\"elementor-heading-title elementor-size-default\">Storia<\/span>\t\t<\/div>\n\t\t\t\t<\/div>\n\t\t\t\t<\/div>\n\t\t<div class=\"elementor-element elementor-element-6f9efb58 e-con-full e-flex e-con e-child\" data-id=\"6f9efb58\" data-element_type=\"container\" data-settings=\"{&quot;background_background&quot;:&quot;classic&quot;}\">\n\t\t\t\t<\/div>\n\t\t\t\t<\/div>\n\t\t<div class=\"elementor-element elementor-element-2cb2535d e-con-full e-flex e-con e-parent\" data-id=\"2cb2535d\" data-element_type=\"container\">\n\t\t<div class=\"elementor-element elementor-element-69060af5 e-con-full e-flex e-con e-child\" data-id=\"69060af5\" data-element_type=\"container\" data-settings=\"{&quot;background_background&quot;:&quot;classic&quot;}\">\n\t\t\t\t<\/div>\n\t\t<div class=\"elementor-element elementor-element-5630a2a7 e-con-full e-flex e-con e-child\" data-id=\"5630a2a7\" data-element_type=\"container\">\n\t\t\t\t<div class=\"elementor-element elementor-element-368e45ab elementor-widget elementor-widget-heading\" data-id=\"368e45ab\" data-element_type=\"widget\" data-widget_type=\"heading.default\">\n\t\t\t\t<div class=\"elementor-widget-container\">\n\t\t\t<h2 class=\"elementor-heading-title elementor-size-default\">Attualmente il direttore \u00e8 il Maestro Mirko Zoboli e il corpo bandistico \u00e8 composto da circa 40 elementi provenienti dal paese e localit\u00e0 limitrofe.<\/h2>\t\t<\/div>\n\t\t\t\t<\/div>\n\t\t\t\t<div class=\"elementor-element elementor-element-44ce72b9 elementor-invisible elementor-widget elementor-widget-text-editor\" data-id=\"44ce72b9\" data-element_type=\"widget\" data-settings=\"{&quot;_animation&quot;:&quot;fadeInDown&quot;}\" data-widget_type=\"text-editor.default\">\n\t\t\t\t<div class=\"elementor-widget-container\">\n\t\t\t\t\t\t\t<p align=\"LEFT\"><span style=\"color: #0000ff;\"><span style=\"font-family: Tahoma;\"><span style=\"font-size: medium;\"><span style=\"color: #b2b2b2;\">Attualmente il direttore \u00e8 il Maestro Mirko Zoboli e il corpo bandistico \u00e8 composto da circa 40 elementi provenienti dal paese e localit\u00e0 limitrofe. Tra essi si contano diversi Professori diplomati presso il Conservatorio di Ferrara e si ricorda che alcuni musicisti formatisi nel complesso lavorano presso le pi\u00f9 prestigiose orchestre nazionali. Spesso la banda trova spazio sui quotidiani locali grazie alle manifestazioni che organizza e a cui prende parte. Prima fra tutte quella del 1982 e, successivamente, quelle del 2007 e del 2022, anni in cui la Filarmonica organizz\u00f2 grandiosi festeggiamenti per il primo centenario dalla fondazione, per il 125\u00b0 e per il 140\u00b0. In queste occasioni si tennero concerti ai quali non presenzi\u00f2 solamente la Banda di Scortichino ma anche complessi provenienti da diverse localit\u00e0. Importanti sono anche gli scambi che la Filarmonica ha o ha avuto con bande italiane e gruppi stranieri: tra questi si ricordano gli incontri con il paese di Bihac (Bosnia Erzegovina), di Rosswangen (Germania), con la banda greca di Larissa ospitata nel luglio 2007 e con la slovena En Big Band di Koper (2022).<br \/>Ancora nel 1992, sotto la direzione del Maestro Roberto Padovani, i componenti del corpo bandistico e il tenore Luciano Malagoli incisero una musicassetta che raccoglieva 14 brani di vario genere.<br \/>Si pu\u00f2 ancora ricordare la festa sociale di Santa Cecilia che ogni anno \u00e8 organizzata dagli stessi musicisti in onore della Santa protettrice e che vede la partecipazione di numerose persone tra bandisti e simpatizzanti.<br \/>Tutte queste iniziative permettono di allargare l&#8217;ambito culturale in cui agisce la Filarmonica e ci\u00f2 non \u00e8 riconosciuto solamente dai musicisti che grazie alla loro attivit\u00e0 la sostengono, ma anche da persone esterne al gruppo con riconoscimenti che rendono orgogliosi i componenti della Filarmonica di farne parte.<\/span><\/span><\/span><\/span><\/p>\t\t\t\t\t\t<\/div>\n\t\t\t\t<\/div>\n\t\t\t\t<\/div>\n\t\t\t\t<\/div>\n\t\t<div class=\"elementor-element elementor-element-3056a2d1 e-con-full e-flex e-con e-parent\" data-id=\"3056a2d1\" data-element_type=\"container\" data-settings=\"{&quot;animation&quot;:&quot;none&quot;}\">\n\t\t\t\t<div class=\"elementor-element elementor-element-b7bb9f9 elementor-invisible elementor-widget elementor-widget-heading\" data-id=\"b7bb9f9\" data-element_type=\"widget\" data-settings=\"{&quot;_animation&quot;:&quot;fadeInUp&quot;}\" data-widget_type=\"heading.default\">\n\t\t\t\t<div class=\"elementor-widget-container\">\n\t\t\t<span class=\"elementor-heading-title elementor-size-default\">Direttori<\/span>\t\t<\/div>\n\t\t\t\t<\/div>\n\t\t\t\t<div class=\"elementor-element elementor-element-6f465fa elementor-invisible elementor-widget elementor-widget-text-editor\" data-id=\"6f465fa\" data-element_type=\"widget\" data-settings=\"{&quot;_animation&quot;:&quot;fadeInDown&quot;}\" data-widget_type=\"text-editor.default\">\n\t\t\t\t<div class=\"elementor-widget-container\">\n\t\t\t\t\t\t\t<p>Garani Luigi dal 1882 al 1911<br \/>Marchi Francesco dal 1912 al 1945<br \/>Guidoboni Antonio dal 1946 al 1957<br \/>Orvieto Sebastiano dal 1958 al 1962<br \/>Cevolani Antonio dal 1963 al 1983<br \/>Padovani Roberto dal 1984 al 2021<br \/>Zoboli Mirko dal 2022&#8230;<\/p>\t\t\t\t\t\t<\/div>\n\t\t\t\t<\/div>\n\t\t<div class=\"elementor-element elementor-element-5f55e58f e-con-full e-flex e-con e-child\" data-id=\"5f55e58f\" data-element_type=\"container\">\n\t\t\t\t<div class=\"elementor-element elementor-element-e6a8d9d elementor-invisible elementor-widget elementor-widget-heading\" data-id=\"e6a8d9d\" data-element_type=\"widget\" data-settings=\"{&quot;_animation&quot;:&quot;fadeInUp&quot;}\" data-widget_type=\"heading.default\">\n\t\t\t\t<div class=\"elementor-widget-container\">\n\t\t\t<span class=\"elementor-heading-title elementor-size-default\">presidenti<\/span>\t\t<\/div>\n\t\t\t\t<\/div>\n\t\t\t\t<\/div>\n\t\t\t\t<div class=\"elementor-element elementor-element-597511b elementor-invisible elementor-widget elementor-widget-text-editor\" data-id=\"597511b\" data-element_type=\"widget\" data-settings=\"{&quot;_animation&quot;:&quot;fadeInDown&quot;}\" data-widget_type=\"text-editor.default\">\n\t\t\t\t<div class=\"elementor-widget-container\">\n\t\t\t\t\t\t\t<p>dal 1882 Garani Benvenuto<br \/>dal 1886 Farolfi Giulio<br \/>dal 1890 Bisi Augusto<br \/>dal 1920 Cremonini Attilio<br \/>dal 1927 Cremonini Guido<br \/>dal 1936 Tassi Vittorio<br \/>dal 1955 Caleffi Albizzo<br \/>dal 1959 Maini Orazio<br \/>dal 1961 Caleffi Luigi<br \/>dal 1999 Magri Manolo<br \/>dal 2014 Azzolini Alberto<br \/>dal 2015 Magri Manolo<br \/>dal 2020 Maini Graziano<\/p>\t\t\t\t\t\t<\/div>\n\t\t\t\t<\/div>\n\t\t\t\t<div class=\"elementor-element elementor-element-120acb3 elementor-widget elementor-widget-spacer\" data-id=\"120acb3\" data-element_type=\"widget\" data-widget_type=\"spacer.default\">\n\t\t\t\t<div class=\"elementor-widget-container\">\n\t\t\t<style>\/*! elementor - v3.21.0 - 25-04-2024 *\/\n.elementor-column .elementor-spacer-inner{height:var(--spacer-size)}.e-con{--container-widget-width:100%}.e-con-inner>.elementor-widget-spacer,.e-con>.elementor-widget-spacer{width:var(--container-widget-width,var(--spacer-size));--align-self:var(--container-widget-align-self,initial);--flex-shrink:0}.e-con-inner>.elementor-widget-spacer>.elementor-widget-container,.e-con>.elementor-widget-spacer>.elementor-widget-container{height:100%;width:100%}.e-con-inner>.elementor-widget-spacer>.elementor-widget-container>.elementor-spacer,.e-con>.elementor-widget-spacer>.elementor-widget-container>.elementor-spacer{height:100%}.e-con-inner>.elementor-widget-spacer>.elementor-widget-container>.elementor-spacer>.elementor-spacer-inner,.e-con>.elementor-widget-spacer>.elementor-widget-container>.elementor-spacer>.elementor-spacer-inner{height:var(--container-widget-height,var(--spacer-size))}.e-con-inner>.elementor-widget-spacer.elementor-widget-empty,.e-con>.elementor-widget-spacer.elementor-widget-empty{position:relative;min-height:22px;min-width:22px}.e-con-inner>.elementor-widget-spacer.elementor-widget-empty .elementor-widget-empty-icon,.e-con>.elementor-widget-spacer.elementor-widget-empty .elementor-widget-empty-icon{position:absolute;top:0;bottom:0;left:0;right:0;margin:auto;padding:0;width:22px;height:22px}<\/style>\t\t<div class=\"elementor-spacer\">\n\t\t\t<div class=\"elementor-spacer-inner\"><\/div>\n\t\t<\/div>\n\t\t\t\t<\/div>\n\t\t\t\t<\/div>\n\t\t\t\t<\/div>\n\t\t<div class=\"elementor-element elementor-element-12cd1ff e-grid e-con-boxed elementor-invisible e-con e-parent\" data-id=\"12cd1ff\" data-element_type=\"container\" data-settings=\"{&quot;animation&quot;:&quot;fadeInDown&quot;}\">\n\t\t\t\t\t<div class=\"e-con-inner\">\n\t\t\t\t<div class=\"elementor-element elementor-element-5eca7d7 elementor-widget elementor-widget-image\" data-id=\"5eca7d7\" data-element_type=\"widget\" data-widget_type=\"image.default\">\n\t\t\t\t<div class=\"elementor-widget-container\">\n\t\t\t<style>\/*! elementor - v3.21.0 - 25-04-2024 *\/\n.elementor-widget-image{text-align:center}.elementor-widget-image a{display:inline-block}.elementor-widget-image a img[src$=\".svg\"]{width:48px}.elementor-widget-image img{vertical-align:middle;display:inline-block}<\/style>\t\t\t\t\t\t\t\t\t\t\t<a href=\"https:\/\/filarmonicascortichino.it\/wp-content\/uploads\/2024\/05\/Il-libro-del-centenario.jpg\" data-elementor-open-lightbox=\"yes\" data-elementor-lightbox-title=\"Il libro del centenario\" data-e-action-hash=\"#elementor-action%3Aaction%3Dlightbox%26settings%3DeyJpZCI6Mjc2LCJ1cmwiOiJodHRwczpcL1wvZmlsYXJtb25pY2FzY29ydGljaGluby5pdFwvd3AtY29udGVudFwvdXBsb2Fkc1wvMjAyNFwvMDVcL0lsLWxpYnJvLWRlbC1jZW50ZW5hcmlvLmpwZyJ9\">\n\t\t\t\t\t\t\t<img fetchpriority=\"high\" decoding=\"async\" width=\"1226\" height=\"966\" src=\"https:\/\/filarmonicascortichino.it\/wp-content\/uploads\/2024\/05\/Il-libro-del-centenario.jpg\" class=\"attachment-2048x2048 size-2048x2048 wp-image-276\" alt=\"\" srcset=\"https:\/\/filarmonicascortichino.it\/wp-content\/uploads\/2024\/05\/Il-libro-del-centenario.jpg 1226w, https:\/\/filarmonicascortichino.it\/wp-content\/uploads\/2024\/05\/Il-libro-del-centenario-300x236.jpg 300w, https:\/\/filarmonicascortichino.it\/wp-content\/uploads\/2024\/05\/Il-libro-del-centenario-1024x807.jpg 1024w, https:\/\/filarmonicascortichino.it\/wp-content\/uploads\/2024\/05\/Il-libro-del-centenario-768x605.jpg 768w\" sizes=\"(max-width: 1226px) 100vw, 1226px\" \/>\t\t\t\t\t\t\t\t<\/a>\n\t\t\t\t\t\t\t\t\t\t\t\t\t<\/div>\n\t\t\t\t<\/div>\n\t\t\t\t<div class=\"elementor-element elementor-element-315acd9 elementor-widget elementor-widget-image\" data-id=\"315acd9\" data-element_type=\"widget\" data-widget_type=\"image.default\">\n\t\t\t\t<div class=\"elementor-widget-container\">\n\t\t\t\t\t\t\t\t\t\t\t\t\t\t<a href=\"https:\/\/filarmonicascortichino.it\/wp-content\/uploads\/2024\/05\/Monumento-al-musicista-per-i-125-anni.jpg\" data-elementor-open-lightbox=\"yes\" data-elementor-lightbox-title=\"Monumento al musicista per i 125 anni\" data-e-action-hash=\"#elementor-action%3Aaction%3Dlightbox%26settings%3DeyJpZCI6Mjc3LCJ1cmwiOiJodHRwczpcL1wvZmlsYXJtb25pY2FzY29ydGljaGluby5pdFwvd3AtY29udGVudFwvdXBsb2Fkc1wvMjAyNFwvMDVcL01vbnVtZW50by1hbC1tdXNpY2lzdGEtcGVyLWktMTI1LWFubmkuanBnIn0%3D\">\n\t\t\t\t\t\t\t<img decoding=\"async\" width=\"619\" height=\"412\" src=\"https:\/\/filarmonicascortichino.it\/wp-content\/uploads\/2024\/05\/Monumento-al-musicista-per-i-125-anni.jpg\" class=\"attachment-full size-full wp-image-277\" alt=\"\" srcset=\"https:\/\/filarmonicascortichino.it\/wp-content\/uploads\/2024\/05\/Monumento-al-musicista-per-i-125-anni.jpg 619w, https:\/\/filarmonicascortichino.it\/wp-content\/uploads\/2024\/05\/Monumento-al-musicista-per-i-125-anni-300x200.jpg 300w\" sizes=\"(max-width: 619px) 100vw, 619px\" \/>\t\t\t\t\t\t\t\t<\/a>\n\t\t\t\t\t\t\t\t\t\t\t\t\t<\/div>\n\t\t\t\t<\/div>\n\t\t\t\t<div class=\"elementor-element elementor-element-a891d9f elementor-widget elementor-widget-image\" data-id=\"a891d9f\" data-element_type=\"widget\" data-widget_type=\"image.default\">\n\t\t\t\t<div class=\"elementor-widget-container\">\n\t\t\t\t\t\t\t\t\t\t\t\t\t\t<a href=\"https:\/\/filarmonicascortichino.it\/wp-content\/uploads\/2024\/05\/I-nostri-primi-130-anni.png\" data-elementor-open-lightbox=\"yes\" data-elementor-lightbox-title=\"I nostri primi 130 anni\" data-e-action-hash=\"#elementor-action%3Aaction%3Dlightbox%26settings%3DeyJpZCI6Mjc4LCJ1cmwiOiJodHRwczpcL1wvZmlsYXJtb25pY2FzY29ydGljaGluby5pdFwvd3AtY29udGVudFwvdXBsb2Fkc1wvMjAyNFwvMDVcL0ktbm9zdHJpLXByaW1pLTEzMC1hbm5pLnBuZyJ9\">\n\t\t\t\t\t\t\t<img decoding=\"async\" width=\"512\" height=\"362\" src=\"https:\/\/filarmonicascortichino.it\/wp-content\/uploads\/2024\/05\/I-nostri-primi-130-anni.png\" class=\"attachment-large size-large wp-image-278\" alt=\"\" srcset=\"https:\/\/filarmonicascortichino.it\/wp-content\/uploads\/2024\/05\/I-nostri-primi-130-anni.png 512w, https:\/\/filarmonicascortichino.it\/wp-content\/uploads\/2024\/05\/I-nostri-primi-130-anni-300x212.png 300w\" sizes=\"(max-width: 512px) 100vw, 512px\" \/>\t\t\t\t\t\t\t\t<\/a>\n\t\t\t\t\t\t\t\t\t\t\t\t\t<\/div>\n\t\t\t\t<\/div>\n\t\t\t\t<div class=\"elementor-element elementor-element-f017987 elementor-widget elementor-widget-image\" data-id=\"f017987\" data-element_type=\"widget\" data-widget_type=\"image.default\">\n\t\t\t\t<div class=\"elementor-widget-container\">\n\t\t\t\t\t\t\t\t\t\t\t\t\t\t<a href=\"https:\/\/filarmonicascortichino.it\/wp-content\/uploads\/2024\/05\/Iniziano-i-festeggiamenti-per-i-140-anni.jpg\" data-elementor-open-lightbox=\"yes\" data-elementor-lightbox-title=\"Iniziano i festeggiamenti per i 140 anni\" data-e-action-hash=\"#elementor-action%3Aaction%3Dlightbox%26settings%3DeyJpZCI6Mjc5LCJ1cmwiOiJodHRwczpcL1wvZmlsYXJtb25pY2FzY29ydGljaGluby5pdFwvd3AtY29udGVudFwvdXBsb2Fkc1wvMjAyNFwvMDVcL0luaXppYW5vLWktZmVzdGVnZ2lhbWVudGktcGVyLWktMTQwLWFubmkuanBnIn0%3D\">\n\t\t\t\t\t\t\t<img loading=\"lazy\" decoding=\"async\" width=\"665\" height=\"332\" src=\"https:\/\/filarmonicascortichino.it\/wp-content\/uploads\/2024\/05\/Iniziano-i-festeggiamenti-per-i-140-anni.jpg\" class=\"attachment-large size-large wp-image-279\" alt=\"\" srcset=\"https:\/\/filarmonicascortichino.it\/wp-content\/uploads\/2024\/05\/Iniziano-i-festeggiamenti-per-i-140-anni.jpg 665w, https:\/\/filarmonicascortichino.it\/wp-content\/uploads\/2024\/05\/Iniziano-i-festeggiamenti-per-i-140-anni-300x150.jpg 300w\" sizes=\"(max-width: 665px) 100vw, 665px\" \/>\t\t\t\t\t\t\t\t<\/a>\n\t\t\t\t\t\t\t\t\t\t\t\t\t<\/div>\n\t\t\t\t<\/div>\n\t\t\t\t<div class=\"elementor-element elementor-element-7c40b66 elementor-widget elementor-widget-image\" data-id=\"7c40b66\" data-element_type=\"widget\" data-widget_type=\"image.default\">\n\t\t\t\t<div class=\"elementor-widget-container\">\n\t\t\t\t\t\t\t\t\t\t\t\t\t\t<a href=\"https:\/\/filarmonicascortichino.it\/wp-content\/uploads\/2024\/05\/I-140-anni-sulla-stampa-e1716930887331.jpg\" data-elementor-open-lightbox=\"yes\" data-elementor-lightbox-title=\"I 140 anni sulla stampa\" data-e-action-hash=\"#elementor-action%3Aaction%3Dlightbox%26settings%3DeyJpZCI6MjgwLCJ1cmwiOiJodHRwczpcL1wvZmlsYXJtb25pY2FzY29ydGljaGluby5pdFwvd3AtY29udGVudFwvdXBsb2Fkc1wvMjAyNFwvMDVcL0ktMTQwLWFubmktc3VsbGEtc3RhbXBhLWUxNzE2OTMwODg3MzMxLmpwZyJ9\">\n\t\t\t\t\t\t\t<img loading=\"lazy\" decoding=\"async\" width=\"800\" height=\"840\" src=\"https:\/\/filarmonicascortichino.it\/wp-content\/uploads\/2024\/05\/I-140-anni-sulla-stampa-e1716930887331.jpg\" class=\"attachment-large size-large wp-image-280\" alt=\"\" srcset=\"https:\/\/filarmonicascortichino.it\/wp-content\/uploads\/2024\/05\/I-140-anni-sulla-stampa-e1716930887331.jpg 865w, https:\/\/filarmonicascortichino.it\/wp-content\/uploads\/2024\/05\/I-140-anni-sulla-stampa-e1716930887331-286x300.jpg 286w, https:\/\/filarmonicascortichino.it\/wp-content\/uploads\/2024\/05\/I-140-anni-sulla-stampa-e1716930887331-768x806.jpg 768w\" sizes=\"(max-width: 800px) 100vw, 800px\" \/>\t\t\t\t\t\t\t\t<\/a>\n\t\t\t\t\t\t\t\t\t\t\t\t\t<\/div>\n\t\t\t\t<\/div>\n\t\t\t\t<div class=\"elementor-element elementor-element-d3f161d elementor-widget elementor-widget-image\" data-id=\"d3f161d\" data-element_type=\"widget\" data-widget_type=\"image.default\">\n\t\t\t\t<div class=\"elementor-widget-container\">\n\t\t\t\t\t\t\t\t\t\t\t\t\t\t<a href=\"https:\/\/filarmonicascortichino.it\/wp-content\/uploads\/2024\/05\/Un-riconoscimento-dalla-Citta-di-Bondeno.jpg\" data-elementor-open-lightbox=\"yes\" data-elementor-lightbox-title=\"Un riconoscimento dalla Citt\u00e0 di Bondeno\" data-e-action-hash=\"#elementor-action%3Aaction%3Dlightbox%26settings%3DeyJpZCI6Mjg0LCJ1cmwiOiJodHRwczpcL1wvZmlsYXJtb25pY2FzY29ydGljaGluby5pdFwvd3AtY29udGVudFwvdXBsb2Fkc1wvMjAyNFwvMDVcL1VuLXJpY29ub3NjaW1lbnRvLWRhbGxhLUNpdHRhLWRpLUJvbmRlbm8uanBnIn0%3D\">\n\t\t\t\t\t\t\t<img loading=\"lazy\" decoding=\"async\" width=\"566\" height=\"500\" src=\"https:\/\/filarmonicascortichino.it\/wp-content\/uploads\/2024\/05\/Un-riconoscimento-dalla-Citta-di-Bondeno.jpg\" class=\"attachment-large size-large wp-image-284\" alt=\"\" srcset=\"https:\/\/filarmonicascortichino.it\/wp-content\/uploads\/2024\/05\/Un-riconoscimento-dalla-Citta-di-Bondeno.jpg 566w, https:\/\/filarmonicascortichino.it\/wp-content\/uploads\/2024\/05\/Un-riconoscimento-dalla-Citta-di-Bondeno-300x265.jpg 300w\" sizes=\"(max-width: 566px) 100vw, 566px\" \/>\t\t\t\t\t\t\t\t<\/a>\n\t\t\t\t\t\t\t\t\t\t\t\t\t<\/div>\n\t\t\t\t<\/div>\n\t\t\t\t<div class=\"elementor-element elementor-element-f43e912 elementor-widget elementor-widget-image\" data-id=\"f43e912\" data-element_type=\"widget\" data-widget_type=\"image.default\">\n\t\t\t\t<div class=\"elementor-widget-container\">\n\t\t\t\t\t\t\t\t\t\t\t\t\t\t<a href=\"https:\/\/filarmonicascortichino.it\/wp-content\/uploads\/2024\/05\/Grazie-Maestro-Padovani.jpg\" data-elementor-open-lightbox=\"yes\" data-elementor-lightbox-title=\"Grazie Maestro Padovani\" data-e-action-hash=\"#elementor-action%3Aaction%3Dlightbox%26settings%3DeyJpZCI6MjgxLCJ1cmwiOiJodHRwczpcL1wvZmlsYXJtb25pY2FzY29ydGljaGluby5pdFwvd3AtY29udGVudFwvdXBsb2Fkc1wvMjAyNFwvMDVcL0dyYXppZS1NYWVzdHJvLVBhZG92YW5pLmpwZyJ9\">\n\t\t\t\t\t\t\t<img loading=\"lazy\" decoding=\"async\" width=\"800\" height=\"409\" src=\"https:\/\/filarmonicascortichino.it\/wp-content\/uploads\/2024\/05\/Grazie-Maestro-Padovani-1024x524.jpg\" class=\"attachment-large size-large wp-image-281\" alt=\"\" srcset=\"https:\/\/filarmonicascortichino.it\/wp-content\/uploads\/2024\/05\/Grazie-Maestro-Padovani-1024x524.jpg 1024w, https:\/\/filarmonicascortichino.it\/wp-content\/uploads\/2024\/05\/Grazie-Maestro-Padovani-300x153.jpg 300w, https:\/\/filarmonicascortichino.it\/wp-content\/uploads\/2024\/05\/Grazie-Maestro-Padovani-768x393.jpg 768w, https:\/\/filarmonicascortichino.it\/wp-content\/uploads\/2024\/05\/Grazie-Maestro-Padovani.jpg 1220w\" sizes=\"(max-width: 800px) 100vw, 800px\" \/>\t\t\t\t\t\t\t\t<\/a>\n\t\t\t\t\t\t\t\t\t\t\t\t\t<\/div>\n\t\t\t\t<\/div>\n\t\t\t\t<div class=\"elementor-element elementor-element-a43bdde elementor-widget elementor-widget-image\" data-id=\"a43bdde\" data-element_type=\"widget\" data-widget_type=\"image.default\">\n\t\t\t\t<div class=\"elementor-widget-container\">\n\t\t\t\t\t\t\t\t\t\t\t\t\t\t<a href=\"https:\/\/filarmonicascortichino.it\/wp-content\/uploads\/2024\/05\/Musica-sport-e-solidarieta.jpg\" data-elementor-open-lightbox=\"yes\" data-elementor-lightbox-title=\"Musica, sport e solidariet\u00e0\" data-e-action-hash=\"#elementor-action%3Aaction%3Dlightbox%26settings%3DeyJpZCI6MjgyLCJ1cmwiOiJodHRwczpcL1wvZmlsYXJtb25pY2FzY29ydGljaGluby5pdFwvd3AtY29udGVudFwvdXBsb2Fkc1wvMjAyNFwvMDVcL011c2ljYS1zcG9ydC1lLXNvbGlkYXJpZXRhLmpwZyJ9\">\n\t\t\t\t\t\t\t<img loading=\"lazy\" decoding=\"async\" width=\"500\" height=\"331\" src=\"https:\/\/filarmonicascortichino.it\/wp-content\/uploads\/2024\/05\/Musica-sport-e-solidarieta.jpg\" class=\"attachment-large size-large wp-image-282\" alt=\"\" srcset=\"https:\/\/filarmonicascortichino.it\/wp-content\/uploads\/2024\/05\/Musica-sport-e-solidarieta.jpg 500w, https:\/\/filarmonicascortichino.it\/wp-content\/uploads\/2024\/05\/Musica-sport-e-solidarieta-300x199.jpg 300w\" sizes=\"(max-width: 500px) 100vw, 500px\" \/>\t\t\t\t\t\t\t\t<\/a>\n\t\t\t\t\t\t\t\t\t\t\t\t\t<\/div>\n\t\t\t\t<\/div>\n\t\t\t\t\t<\/div>\n\t\t\t\t<\/div>\n\t\t\t\t<\/div>\n\t\t","protected":false},"excerpt":{"rendered":"<p>La Societ\u00e0 Filarmonica \u201cG.Verdi\u201d di Scortichino nasce nel 1881 per iniziativa di Luigi Garani, che ne fu il primo maestro direttore fino al 1912. Per il paese la Filarmonica \u00e8 da sempre motivo di vanto e di prestigio ma anche di crescita culturale, poich\u00e9 con essa \u00e8 nata una scuola musicale alla quale accedono decine [&hellip;]<\/p>\n","protected":false},"author":1,"featured_media":0,"parent":0,"menu_order":0,"comment_status":"closed","ping_status":"closed","template":"elementor_header_footer","meta":{"footnotes":""},"class_list":["post-43","page","type-page","status-publish","hentry"],"_links":{"self":[{"href":"https:\/\/filarmonicascortichino.it\/index.php\/wp-json\/wp\/v2\/pages\/43","targetHints":{"allow":["GET"]}}],"collection":[{"href":"https:\/\/filarmonicascortichino.it\/index.php\/wp-json\/wp\/v2\/pages"}],"about":[{"href":"https:\/\/filarmonicascortichino.it\/index.php\/wp-json\/wp\/v2\/types\/page"}],"author":[{"embeddable":true,"href":"https:\/\/filarmonicascortichino.it\/index.php\/wp-json\/wp\/v2\/users\/1"}],"replies":[{"embeddable":true,"href":"https:\/\/filarmonicascortichino.it\/index.php\/wp-json\/wp\/v2\/comments?post=43"}],"version-history":[{"count":14,"href":"https:\/\/filarmonicascortichino.it\/index.php\/wp-json\/wp\/v2\/pages\/43\/revisions"}],"predecessor-version":[{"id":325,"href":"https:\/\/filarmonicascortichino.it\/index.php\/wp-json\/wp\/v2\/pages\/43\/revisions\/325"}],"wp:attachment":[{"href":"https:\/\/filarmonicascortichino.it\/index.php\/wp-json\/wp\/v2\/media?parent=43"}],"curies":[{"name":"wp","href":"https:\/\/api.w.org\/{rel}","templated":true}]}}